{"id":6054,"date":"2023-04-10T00:01:43","date_gmt":"2023-04-10T00:01:43","guid":{"rendered":"http:\/\/altisvalvert.com\/?page_id=6054"},"modified":"2024-03-12T02:06:58","modified_gmt":"2024-03-12T02:06:58","slug":"activities","status":"publish","type":"page","link":"https:\/\/altisvalvert.com\/en\/activities\/","title":{"rendered":"ACTIVITIES"},"content":{"rendered":"\t\t<div data-elementor-type=\"wp-page\" data-elementor-id=\"6054\" class=\"elementor elementor-6054 elementor-2106\">\n\t\t\t\t\t\t<section class=\"elementor-section elementor-top-section elementor-element elementor-element-1954ffc elementor-section-boxed elementor-section-gap-beside-yes elementor-section-height-default elementor-section-height-default elementor-section-column-vertical-align-stretch\" data-id=\"1954ffc\" data-element_type=\"section\" data-e-type=\"section\">\n\t\t\t\t\t\t<div class=\"elementor-container elementor-column-gap-extended\">\n\t\t\t\t\t<div class=\"elementor-column elementor-col-100 elementor-top-column elementor-element elementor-element-86aebc5\" data-id=\"86aebc5\" data-element_type=\"column\" data-e-type=\"column\">\n\t\t\t<div class=\"elementor-widget-wrap elementor-element-populated\">\n\t\t\t\t\t\t<div class=\"elementor-element elementor-element-11803d1 elementor-widget__width-initial elementor-invisible elementor-widget elementor-widget-text-editor\" data-id=\"11803d1\" data-element_type=\"widget\" data-e-type=\"widget\" data-settings=\"{&quot;_animation&quot;:&quot;nussFadeInUp&quot;}\" data-widget_type=\"text-editor.default\">\n\t\t\t\t<div class=\"elementor-widget-container\">\n\t\t\t\t\t\t\t\t\t<div class=\"page\" title=\"Page 10\"><div class=\"section\"><div class=\"layoutArea\"><div class=\"column\"><p>Only 5 minutes away from the Olympe cable car or the Orsi Thermal Baths, the hotel&#8217;s exceptional location allows you to fully enjoy its magnificent surroundings in all seasons. <br \/>In winter, you can explore the most beautiful ski areas in the world, in the heart of the 3 Vall\u00e9es and at the foot of Paradiski. In summer, relax in Brides-les-Bains, the village of well-being and slimming, located at the gates of the Vanoise National Park.<\/p><\/div><\/div><\/div><\/div>\t\t\t\t\t\t\t\t<\/div>\n\t\t\t\t<\/div>\n\t\t\t\t<div class=\"elementor-element elementor-element-8ed6aee elementor-align-center elementor-widget elementor-widget-button\" data-id=\"8ed6aee\" data-element_type=\"widget\" data-e-type=\"widget\" data-widget_type=\"button.default\">\n\t\t\t\t<div class=\"elementor-widget-container\">\n\t\t\t\t\t\t\t\t\t<div class=\"elementor-button-wrapper\">\n\t\t\t\t\t<a class=\"elementor-button elementor-button-link elementor-size-sm\" href=\"https:\/\/www.brides-les-bains.com\/office-de-tourisme\/\" target=\"_blank\">\n\t\t\t\t\t\t<span class=\"elementor-button-content-wrapper\">\n\t\t\t\t\t\t\t\t\t<span class=\"elementor-button-text\">ACCESS BRIDES-LES-BAINS ANIMATIONS PROGRAM<\/span>\n\t\t\t\t\t<\/span>\n\t\t\t\t\t<\/a>\n\t\t\t\t<\/div>\n\t\t\t\t\t\t\t\t<\/div>\n\t\t\t\t<\/div>\n\t\t\t\t\t<\/div>\n\t\t<\/div>\n\t\t\t\t\t<\/div>\n\t\t<\/section>\n\t\t\t\t<section class=\"elementor-section elementor-top-section elementor-element elementor-element-b2344ff elementor-section-gap-beside-no elementor-section-boxed elementor-section-height-default elementor-section-height-default elementor-section-column-vertical-align-stretch\" data-id=\"b2344ff\" data-element_type=\"section\" data-e-type=\"section\">\n\t\t\t\t\t\t<div class=\"elementor-container elementor-column-gap-extended\">\n\t\t\t\t\t<div class=\"elementor-column elementor-col-50 elementor-top-column elementor-element elementor-element-4698ec8\" data-id=\"4698ec8\" data-element_type=\"column\" data-e-type=\"column\">\n\t\t\t<div class=\"elementor-widget-wrap elementor-element-populated\">\n\t\t\t\t\t\t<div class=\"elementor-element elementor-element-88e5290 elementor-invisible nuss-elementor-loading nuss-slide-in-right elementor-widget elementor-widget-image\" data-id=\"88e5290\" data-element_type=\"widget\" data-e-type=\"widget\" data-settings=\"{&quot;_animation&quot;:&quot;nussSlideInRight&quot;}\" data-widget_type=\"image.default\">\n\t\t\t\t<div class=\"elementor-widget-container\">\n\t\t\t\t\t\t\t\t\t\t\t\t\t\t\t<img fetchpriority=\"high\" decoding=\"async\" width=\"1200\" height=\"1500\" src=\"https:\/\/altisvalvert.com\/wp-content\/uploads\/2023\/04\/22-RANDO-min.jpg\" class=\"attachment-full size-full wp-image-7897\" alt=\"\" srcset=\"https:\/\/altisvalvert.com\/wp-content\/uploads\/2023\/04\/22-RANDO-min.jpg 1200w, https:\/\/altisvalvert.com\/wp-content\/uploads\/2023\/04\/22-RANDO-min-240x300.jpg 240w, https:\/\/altisvalvert.com\/wp-content\/uploads\/2023\/04\/22-RANDO-min-819x1024.jpg 819w, https:\/\/altisvalvert.com\/wp-content\/uploads\/2023\/04\/22-RANDO-min-768x960.jpg 768w\" sizes=\"(max-width: 1200px) 100vw, 1200px\" \/>\t\t\t\t\t\t\t\t\t\t\t\t\t\t\t<\/div>\n\t\t\t\t<\/div>\n\t\t\t\t\t<\/div>\n\t\t<\/div>\n\t\t\t\t<div class=\"elementor-column elementor-col-50 elementor-top-column elementor-element elementor-element-4b9e677\" data-id=\"4b9e677\" data-element_type=\"column\" data-e-type=\"column\">\n\t\t\t<div class=\"elementor-widget-wrap elementor-element-populated\">\n\t\t\t\t\t\t<div class=\"elementor-element elementor-element-f222aa6 elementor-invisible elementor-widget elementor-widget-nuss-heading\" data-id=\"f222aa6\" data-element_type=\"widget\" data-e-type=\"widget\" data-settings=\"{&quot;_animation&quot;:&quot;nussFadeInUp&quot;}\" data-widget_type=\"nuss-heading.default\">\n\t\t\t\t<div class=\"elementor-widget-container\">\n\t\t\t\t\t\t\t<div class=\"nuss-modern-heading\">\r\n\t\t\t\r\n\t\t\t\t\t\t<div class=\"heading-primary-wrap\">\r\n\t\t\t\t<span class=\"heading-primary elementor-heading-title\">Summer Activity<\/span>\t\t\t<\/div>\r\n\t\t\r\n\t\t\t\r\n\t\t\t\t\t<\/div>\r\n\t\t\t\t\t<\/div>\n\t\t\t\t<\/div>\n\t\t\t\t<div class=\"elementor-element elementor-element-fd82a54 elementor-invisible elementor-widget elementor-widget-heading\" data-id=\"fd82a54\" data-element_type=\"widget\" data-e-type=\"widget\" data-settings=\"{&quot;_animation&quot;:&quot;nussFadeInUp&quot;}\" data-widget_type=\"heading.default\">\n\t\t\t\t<div class=\"elementor-widget-container\">\n\t\t\t\t\t<h3 class=\"elementor-heading-title elementor-size-default\">Hiking<\/h3>\t\t\t\t<\/div>\n\t\t\t\t<\/div>\n\t\t\t\t<div class=\"elementor-element elementor-element-548c110 elementor-icon-list--layout-traditional elementor-list-item-link-full_width elementor-invisible elementor-widget elementor-widget-icon-list\" data-id=\"548c110\" data-element_type=\"widget\" data-e-type=\"widget\" data-settings=\"{&quot;_animation&quot;:&quot;nussFadeInUp&quot;}\" data-widget_type=\"icon-list.default\">\n\t\t\t\t<div class=\"elementor-widget-container\">\n\t\t\t\t\t\t\t<ul class=\"elementor-icon-list-items\">\n\t\t\t\t\t\t\t<li class=\"elementor-icon-list-item\">\n\t\t\t\t\t\t\t\t\t\t\t<span class=\"elementor-icon-list-icon\">\n\t\t\t\t\t\t\t<i aria-hidden=\"true\" class=\"fal fa-map-marker-alt\"><\/i>\t\t\t\t\t\t<\/span>\n\t\t\t\t\t\t\t\t\t\t<span class=\"elementor-icon-list-text\">Around the hotel<\/span>\n\t\t\t\t\t\t\t\t\t<\/li>\n\t\t\t\t\t\t<\/ul>\n\t\t\t\t\t\t<\/div>\n\t\t\t\t<\/div>\n\t\t\t\t<div class=\"elementor-element elementor-element-bc0b7e2 elementor-invisible elementor-widget elementor-widget-text-editor\" data-id=\"bc0b7e2\" data-element_type=\"widget\" data-e-type=\"widget\" data-settings=\"{&quot;_animation&quot;:&quot;nussFadeInUp&quot;}\" data-widget_type=\"text-editor.default\">\n\t\t\t\t<div class=\"elementor-widget-container\">\n\t\t\t\t\t\t\t\t\t<div class=\"page\" title=\"Page 10\"><div class=\"section\"><div class=\"layoutArea\"><div class=\"column\"><p>Starting from Brides-les-Bains and at the gates of the Vanoise National Park, a wide variety of hikes are available to you. Glacier tours, hikes of a few hours, discovery trails&#8230; whatever your athletic level, you will admire grandiose landscapes. <br \/>Do not hesitate to ask for a guide who will introduce you to the fauna, flora, as well as the cultural heritage (Ecomuseums, Baroque trails).<\/p><\/div><\/div><\/div><\/div>\t\t\t\t\t\t\t\t<\/div>\n\t\t\t\t<\/div>\n\t\t\t\t\t<\/div>\n\t\t<\/div>\n\t\t\t\t\t<\/div>\n\t\t<\/section>\n\t\t\t\t<section class=\"elementor-section elementor-top-section elementor-element elementor-element-575fc68 elementor-section-gap-beside-no elementor-section-boxed elementor-section-height-default elementor-section-height-default elementor-section-column-vertical-align-stretch\" data-id=\"575fc68\" data-element_type=\"section\" data-e-type=\"section\">\n\t\t\t\t\t\t<div class=\"elementor-container elementor-column-gap-extended\">\n\t\t\t\t\t<div class=\"elementor-column elementor-col-50 elementor-top-column elementor-element elementor-element-dd03a56\" data-id=\"dd03a56\" data-element_type=\"column\" data-e-type=\"column\">\n\t\t\t<div class=\"elementor-widget-wrap elementor-element-populated\">\n\t\t\t\t\t\t<div class=\"elementor-element elementor-element-78ab5be elementor-invisible nuss-elementor-loading nuss-slide-in-right elementor-widget elementor-widget-image\" data-id=\"78ab5be\" data-element_type=\"widget\" data-e-type=\"widget\" data-settings=\"{&quot;_animation&quot;:&quot;nussSlideInRight&quot;}\" data-widget_type=\"image.default\">\n\t\t\t\t<div class=\"elementor-widget-container\">\n\t\t\t\t\t\t\t\t\t\t\t\t\t\t\t<img decoding=\"async\" width=\"1200\" height=\"1341\" src=\"https:\/\/altisvalvert.com\/wp-content\/uploads\/2023\/04\/23-VTT-e1681347477775.jpg\" class=\"attachment-full size-full wp-image-7880\" alt=\"\" srcset=\"https:\/\/altisvalvert.com\/wp-content\/uploads\/2023\/04\/23-VTT-e1681347477775.jpg 1200w, https:\/\/altisvalvert.com\/wp-content\/uploads\/2023\/04\/23-VTT-e1681347477775-268x300.jpg 268w, https:\/\/altisvalvert.com\/wp-content\/uploads\/2023\/04\/23-VTT-e1681347477775-916x1024.jpg 916w, https:\/\/altisvalvert.com\/wp-content\/uploads\/2023\/04\/23-VTT-e1681347477775-768x858.jpg 768w\" sizes=\"(max-width: 1200px) 100vw, 1200px\" \/>\t\t\t\t\t\t\t\t\t\t\t\t\t\t\t<\/div>\n\t\t\t\t<\/div>\n\t\t\t\t\t<\/div>\n\t\t<\/div>\n\t\t\t\t<div class=\"elementor-column elementor-col-50 elementor-top-column elementor-element elementor-element-364a6b2\" data-id=\"364a6b2\" data-element_type=\"column\" data-e-type=\"column\">\n\t\t\t<div class=\"elementor-widget-wrap elementor-element-populated\">\n\t\t\t\t\t\t<div class=\"elementor-element elementor-element-f9f80f6 elementor-invisible elementor-widget elementor-widget-nuss-heading\" data-id=\"f9f80f6\" data-element_type=\"widget\" data-e-type=\"widget\" data-settings=\"{&quot;_animation&quot;:&quot;nussFadeInUp&quot;}\" data-widget_type=\"nuss-heading.default\">\n\t\t\t\t<div class=\"elementor-widget-container\">\n\t\t\t\t\t\t\t<div class=\"nuss-modern-heading\">\r\n\t\t\t\r\n\t\t\t\t\t\t<div class=\"heading-primary-wrap\">\r\n\t\t\t\t<span class=\"heading-primary elementor-heading-title\">Summer Activity<\/span>\t\t\t<\/div>\r\n\t\t\r\n\t\t\t\r\n\t\t\t\t\t<\/div>\r\n\t\t\t\t\t<\/div>\n\t\t\t\t<\/div>\n\t\t\t\t<div class=\"elementor-element elementor-element-e60cb65 elementor-invisible elementor-widget elementor-widget-heading\" data-id=\"e60cb65\" data-element_type=\"widget\" data-e-type=\"widget\" data-settings=\"{&quot;_animation&quot;:&quot;nussFadeInUp&quot;}\" data-widget_type=\"heading.default\">\n\t\t\t\t<div class=\"elementor-widget-container\">\n\t\t\t\t\t<h3 class=\"elementor-heading-title elementor-size-default\">Biking<\/h3>\t\t\t\t<\/div>\n\t\t\t\t<\/div>\n\t\t\t\t<div class=\"elementor-element elementor-element-d5fc9ec elementor-icon-list--layout-traditional elementor-list-item-link-full_width elementor-invisible elementor-widget elementor-widget-icon-list\" data-id=\"d5fc9ec\" data-element_type=\"widget\" data-e-type=\"widget\" data-settings=\"{&quot;_animation&quot;:&quot;nussFadeInUp&quot;}\" data-widget_type=\"icon-list.default\">\n\t\t\t\t<div class=\"elementor-widget-container\">\n\t\t\t\t\t\t\t<ul class=\"elementor-icon-list-items\">\n\t\t\t\t\t\t\t<li class=\"elementor-icon-list-item\">\n\t\t\t\t\t\t\t\t\t\t\t<span class=\"elementor-icon-list-icon\">\n\t\t\t\t\t\t\t<i aria-hidden=\"true\" class=\"fal fa-map-marker-alt\"><\/i>\t\t\t\t\t\t<\/span>\n\t\t\t\t\t\t\t\t\t\t<span class=\"elementor-icon-list-text\">Around the hotel<\/span>\n\t\t\t\t\t\t\t\t\t<\/li>\n\t\t\t\t\t\t<\/ul>\n\t\t\t\t\t\t<\/div>\n\t\t\t\t<\/div>\n\t\t\t\t<div class=\"elementor-element elementor-element-ccbb94d elementor-invisible elementor-widget elementor-widget-text-editor\" data-id=\"ccbb94d\" data-element_type=\"widget\" data-e-type=\"widget\" data-settings=\"{&quot;_animation&quot;:&quot;nussFadeInUp&quot;}\" data-widget_type=\"text-editor.default\">\n\t\t\t\t<div class=\"elementor-widget-container\">\n\t\t\t\t\t\t\t\t\t<div class=\"page\" title=\"Page 10\"><div class=\"section\"><div class=\"layoutArea\"><div class=\"column\"><p>For bike addicts, the ski area of the 3 Vall\u00e9es turns into a giant mountain bike circuit. M\u00e9ribel, Couchevel, La Tania, Saint Martin de Belleville, Les M\u00e9nuires, and Val Thorens, all these stations in the 3 Vall\u00e9es offer routes for all levels. <br \/>Free shuttles run between Brides-les-Bains and M\u00e9ribel (bicycle storage room at the hotel). <br \/>Close proximity to major mountain passes &#8211; including the legendary Col de la Loze. <br \/>Rental of road bikes, mountain bikes, electric bikes, or hydrogen bikes.<\/p><\/div><\/div><\/div><\/div>\t\t\t\t\t\t\t\t<\/div>\n\t\t\t\t<\/div>\n\t\t\t\t\t<\/div>\n\t\t<\/div>\n\t\t\t\t\t<\/div>\n\t\t<\/section>\n\t\t\t\t<section class=\"elementor-section elementor-top-section elementor-element elementor-element-7853fd5 elementor-section-gap-beside-no elementor-section-column-vertical-align-middle elementor-section-boxed elementor-section-height-default elementor-section-height-default\" data-id=\"7853fd5\" data-element_type=\"section\" data-e-type=\"section\">\n\t\t\t\t\t\t<div class=\"elementor-container elementor-column-gap-extended\">\n\t\t\t\t\t<div class=\"elementor-column elementor-col-50 elementor-top-column elementor-element elementor-element-9a8fa64\" data-id=\"9a8fa64\" data-element_type=\"column\" data-e-type=\"column\">\n\t\t\t<div class=\"elementor-widget-wrap elementor-element-populated\">\n\t\t\t\t\t\t<div class=\"elementor-element elementor-element-6f7d3f1 elementor-invisible nuss-elementor-loading nuss-slide-in-right elementor-widget elementor-widget-image\" data-id=\"6f7d3f1\" data-element_type=\"widget\" data-e-type=\"widget\" data-settings=\"{&quot;_animation&quot;:&quot;nussSlideInRight&quot;}\" data-widget_type=\"image.default\">\n\t\t\t\t<div class=\"elementor-widget-container\">\n\t\t\t\t\t\t\t\t\t\t\t\t\t\t\t<img decoding=\"async\" width=\"1200\" height=\"1200\" src=\"https:\/\/altisvalvert.com\/wp-content\/uploads\/2023\/04\/24-SPA.jpg\" class=\"attachment-full size-full wp-image-7879\" alt=\"\" srcset=\"https:\/\/altisvalvert.com\/wp-content\/uploads\/2023\/04\/24-SPA.jpg 1200w, https:\/\/altisvalvert.com\/wp-content\/uploads\/2023\/04\/24-SPA-300x300.jpg 300w, https:\/\/altisvalvert.com\/wp-content\/uploads\/2023\/04\/24-SPA-1024x1024.jpg 1024w, https:\/\/altisvalvert.com\/wp-content\/uploads\/2023\/04\/24-SPA-150x150.jpg 150w, https:\/\/altisvalvert.com\/wp-content\/uploads\/2023\/04\/24-SPA-768x768.jpg 768w\" sizes=\"(max-width: 1200px) 100vw, 1200px\" \/>\t\t\t\t\t\t\t\t\t\t\t\t\t\t\t<\/div>\n\t\t\t\t<\/div>\n\t\t\t\t\t<\/div>\n\t\t<\/div>\n\t\t\t\t<div class=\"elementor-column elementor-col-50 elementor-top-column elementor-element elementor-element-abd874b\" data-id=\"abd874b\" data-element_type=\"column\" data-e-type=\"column\">\n\t\t\t<div class=\"elementor-widget-wrap elementor-element-populated\">\n\t\t\t\t\t\t<div class=\"elementor-element elementor-element-ad62d2d elementor-invisible elementor-widget elementor-widget-nuss-heading\" data-id=\"ad62d2d\" data-element_type=\"widget\" data-e-type=\"widget\" data-settings=\"{&quot;_animation&quot;:&quot;nussFadeInUp&quot;}\" data-widget_type=\"nuss-heading.default\">\n\t\t\t\t<div class=\"elementor-widget-container\">\n\t\t\t\t\t\t\t<div class=\"nuss-modern-heading\">\r\n\t\t\t\r\n\t\t\t\t\t\t<div class=\"heading-primary-wrap\">\r\n\t\t\t\t<span class=\"heading-primary elementor-heading-title\">Summer Activity<\/span>\t\t\t<\/div>\r\n\t\t\r\n\t\t\t\r\n\t\t\t\t\t<\/div>\r\n\t\t\t\t\t<\/div>\n\t\t\t\t<\/div>\n\t\t\t\t<div class=\"elementor-element elementor-element-9ae1d53 elementor-invisible elementor-widget elementor-widget-heading\" data-id=\"9ae1d53\" data-element_type=\"widget\" data-e-type=\"widget\" data-settings=\"{&quot;_animation&quot;:&quot;nussFadeInUp&quot;}\" data-widget_type=\"heading.default\">\n\t\t\t\t<div class=\"elementor-widget-container\">\n\t\t\t\t\t<h3 class=\"elementor-heading-title elementor-size-default\">Wellness \/ Relaxation<\/h3>\t\t\t\t<\/div>\n\t\t\t\t<\/div>\n\t\t\t\t<div class=\"elementor-element elementor-element-b643e63 elementor-icon-list--layout-traditional elementor-list-item-link-full_width elementor-invisible elementor-widget elementor-widget-icon-list\" data-id=\"b643e63\" data-element_type=\"widget\" data-e-type=\"widget\" data-settings=\"{&quot;_animation&quot;:&quot;nussFadeInUp&quot;}\" data-widget_type=\"icon-list.default\">\n\t\t\t\t<div class=\"elementor-widget-container\">\n\t\t\t\t\t\t\t<ul class=\"elementor-icon-list-items\">\n\t\t\t\t\t\t\t<li class=\"elementor-icon-list-item\">\n\t\t\t\t\t\t\t\t\t\t\t<span class=\"elementor-icon-list-icon\">\n\t\t\t\t\t\t\t<i aria-hidden=\"true\" class=\"fal fa-map-marker-alt\"><\/i>\t\t\t\t\t\t<\/span>\n\t\t\t\t\t\t\t\t\t\t<span class=\"elementor-icon-list-text\">At the hotel<\/span>\n\t\t\t\t\t\t\t\t\t<\/li>\n\t\t\t\t\t\t<\/ul>\n\t\t\t\t\t\t<\/div>\n\t\t\t\t<\/div>\n\t\t\t\t<div class=\"elementor-element elementor-element-a80ff28 elementor-invisible elementor-widget elementor-widget-text-editor\" data-id=\"a80ff28\" data-element_type=\"widget\" data-e-type=\"widget\" data-settings=\"{&quot;_animation&quot;:&quot;nussFadeInUp&quot;}\" data-widget_type=\"text-editor.default\">\n\t\t\t\t<div class=\"elementor-widget-container\">\n\t\t\t\t\t\t\t\t\t<div class=\"page\" title=\"Page 11\"><div class=\"section\"><div class=\"layoutArea\"><div class=\"column\"><p>The ALTIS hotel provides you with its relaxation area: sauna, steam room, jacuzzi, as well as its heated summer swimming pool. A sweet break during your sporting stay.<\/p><\/div><\/div><\/div><\/div>\t\t\t\t\t\t\t\t<\/div>\n\t\t\t\t<\/div>\n\t\t\t\t\t<\/div>\n\t\t<\/div>\n\t\t\t\t\t<\/div>\n\t\t<\/section>\n\t\t\t\t<\/div>\n\t\t","protected":false},"excerpt":{"rendered":"<p>Only 5 minutes away from the Olympe cable car or the Orsi Thermal Baths, the hotel&#8217;s exceptional location allows you to fully enjoy its magnificent surroundings in all seasons. In winter, you can explore the most beautiful ski areas in the world, in the heart of the 3 Vall\u00e9es and at the foot of Paradiski. [&hellip;]<\/p>\n","protected":false},"author":4,"featured_media":0,"parent":0,"menu_order":0,"comment_status":"closed","ping_status":"closed","template":"","meta":{"footnotes":""},"class_list":["post-6054","page","type-page","status-publish","hentry","post-no-thumbnail"],"yoast_head":"<!-- This site is optimized with the Yoast SEO plugin v27.3 - https:\/\/yoast.com\/product\/yoast-seo-wordpress\/ -->\n<title>Activities around the Altis Val Vert Hotel | Brides-les-Bains<\/title>\n<meta name=\"description\" content=\"The hotel\u2019s exceptional location allows you to fully enjoy its magnificent surroundings in all seasons: skiing, hiking, biking, wellness...\" \/>\n<meta name=\"robots\" content=\"index, follow, max-snippet:-1, max-image-preview:large, max-video-preview:-1\" \/>\n<link rel=\"canonical\" href=\"https:\/\/altisvalvert.com\/en\/activities\/\" \/>\n<meta property=\"og:locale\" content=\"en_US\" \/>\n<meta property=\"og:type\" content=\"article\" \/>\n<meta property=\"og:title\" content=\"Activities around the Altis Val Vert Hotel | Brides-les-Bains\" \/>\n<meta property=\"og:description\" content=\"The hotel\u2019s exceptional location allows you to fully enjoy its magnificent surroundings in all seasons: skiing, hiking, biking, wellness...\" \/>\n<meta property=\"og:url\" content=\"https:\/\/altisvalvert.com\/en\/activities\/\" \/>\n<meta property=\"og:site_name\" content=\"H\u00f4tel Altis | Brides Les Bains\" \/>\n<meta property=\"article:modified_time\" content=\"2024-03-12T02:06:58+00:00\" \/>\n<meta property=\"og:image\" content=\"https:\/\/www.altisvalvert.com\/wp-content\/uploads\/2023\/04\/22-RANDO-min.jpg\" \/>\n<meta name=\"twitter:card\" content=\"summary_large_image\" \/>\n<meta name=\"twitter:label1\" content=\"Est. reading time\" \/>\n\t<meta name=\"twitter:data1\" content=\"2 minutes\" \/>\n<script type=\"application\/ld+json\" class=\"yoast-schema-graph\">{\"@context\":\"https:\\\/\\\/schema.org\",\"@graph\":[{\"@type\":\"WebPage\",\"@id\":\"https:\\\/\\\/altisvalvert.com\\\/en\\\/activities\\\/\",\"url\":\"https:\\\/\\\/altisvalvert.com\\\/en\\\/activities\\\/\",\"name\":\"Activities around the Altis Val Vert Hotel | Brides-les-Bains\",\"isPartOf\":{\"@id\":\"https:\\\/\\\/www.altisvalvert.com\\\/#website\"},\"primaryImageOfPage\":{\"@id\":\"https:\\\/\\\/altisvalvert.com\\\/en\\\/activities\\\/#primaryimage\"},\"image\":{\"@id\":\"https:\\\/\\\/altisvalvert.com\\\/en\\\/activities\\\/#primaryimage\"},\"thumbnailUrl\":\"https:\\\/\\\/www.altisvalvert.com\\\/wp-content\\\/uploads\\\/2023\\\/04\\\/22-RANDO-min.jpg\",\"datePublished\":\"2023-04-10T00:01:43+00:00\",\"dateModified\":\"2024-03-12T02:06:58+00:00\",\"description\":\"The hotel\u2019s exceptional location allows you to fully enjoy its magnificent surroundings in all seasons: skiing, hiking, biking, wellness...\",\"breadcrumb\":{\"@id\":\"https:\\\/\\\/altisvalvert.com\\\/en\\\/activities\\\/#breadcrumb\"},\"inLanguage\":\"en-US\",\"potentialAction\":[{\"@type\":\"ReadAction\",\"target\":[\"https:\\\/\\\/altisvalvert.com\\\/en\\\/activities\\\/\"]}]},{\"@type\":\"ImageObject\",\"inLanguage\":\"en-US\",\"@id\":\"https:\\\/\\\/altisvalvert.com\\\/en\\\/activities\\\/#primaryimage\",\"url\":\"https:\\\/\\\/www.altisvalvert.com\\\/wp-content\\\/uploads\\\/2023\\\/04\\\/22-RANDO-min.jpg\",\"contentUrl\":\"https:\\\/\\\/www.altisvalvert.com\\\/wp-content\\\/uploads\\\/2023\\\/04\\\/22-RANDO-min.jpg\"},{\"@type\":\"BreadcrumbList\",\"@id\":\"https:\\\/\\\/altisvalvert.com\\\/en\\\/activities\\\/#breadcrumb\",\"itemListElement\":[{\"@type\":\"ListItem\",\"position\":1,\"name\":\"Accueil\",\"item\":\"https:\\\/\\\/www.altisvalvert.com\\\/en\\\/\"},{\"@type\":\"ListItem\",\"position\":2,\"name\":\"ACTIVITIES\"}]},{\"@type\":\"WebSite\",\"@id\":\"https:\\\/\\\/www.altisvalvert.com\\\/#website\",\"url\":\"https:\\\/\\\/www.altisvalvert.com\\\/\",\"name\":\"H\u00f4tel Altis | Brides Les Bains\",\"description\":\"Charmant Boutique-H\u00f4tel-Restaurant | Brides-les-Bains\",\"potentialAction\":[{\"@type\":\"SearchAction\",\"target\":{\"@type\":\"EntryPoint\",\"urlTemplate\":\"https:\\\/\\\/www.altisvalvert.com\\\/?s={search_term_string}\"},\"query-input\":{\"@type\":\"PropertyValueSpecification\",\"valueRequired\":true,\"valueName\":\"search_term_string\"}}],\"inLanguage\":\"en-US\"}]}<\/script>\n<!-- \/ Yoast SEO plugin. -->","yoast_head_json":{"title":"Activities around the Altis Val Vert Hotel | Brides-les-Bains","description":"The hotel\u2019s exceptional location allows you to fully enjoy its magnificent surroundings in all seasons: skiing, hiking, biking, wellness...","robots":{"index":"index","follow":"follow","max-snippet":"max-snippet:-1","max-image-preview":"max-image-preview:large","max-video-preview":"max-video-preview:-1"},"canonical":"https:\/\/altisvalvert.com\/en\/activities\/","og_locale":"en_US","og_type":"article","og_title":"Activities around the Altis Val Vert Hotel | Brides-les-Bains","og_description":"The hotel\u2019s exceptional location allows you to fully enjoy its magnificent surroundings in all seasons: skiing, hiking, biking, wellness...","og_url":"https:\/\/altisvalvert.com\/en\/activities\/","og_site_name":"H\u00f4tel Altis | Brides Les Bains","article_modified_time":"2024-03-12T02:06:58+00:00","og_image":[{"url":"https:\/\/www.altisvalvert.com\/wp-content\/uploads\/2023\/04\/22-RANDO-min.jpg","type":"","width":"","height":""}],"twitter_card":"summary_large_image","twitter_misc":{"Est. reading time":"2 minutes"},"schema":{"@context":"https:\/\/schema.org","@graph":[{"@type":"WebPage","@id":"https:\/\/altisvalvert.com\/en\/activities\/","url":"https:\/\/altisvalvert.com\/en\/activities\/","name":"Activities around the Altis Val Vert Hotel | Brides-les-Bains","isPartOf":{"@id":"https:\/\/www.altisvalvert.com\/#website"},"primaryImageOfPage":{"@id":"https:\/\/altisvalvert.com\/en\/activities\/#primaryimage"},"image":{"@id":"https:\/\/altisvalvert.com\/en\/activities\/#primaryimage"},"thumbnailUrl":"https:\/\/www.altisvalvert.com\/wp-content\/uploads\/2023\/04\/22-RANDO-min.jpg","datePublished":"2023-04-10T00:01:43+00:00","dateModified":"2024-03-12T02:06:58+00:00","description":"The hotel\u2019s exceptional location allows you to fully enjoy its magnificent surroundings in all seasons: skiing, hiking, biking, wellness...","breadcrumb":{"@id":"https:\/\/altisvalvert.com\/en\/activities\/#breadcrumb"},"inLanguage":"en-US","potentialAction":[{"@type":"ReadAction","target":["https:\/\/altisvalvert.com\/en\/activities\/"]}]},{"@type":"ImageObject","inLanguage":"en-US","@id":"https:\/\/altisvalvert.com\/en\/activities\/#primaryimage","url":"https:\/\/www.altisvalvert.com\/wp-content\/uploads\/2023\/04\/22-RANDO-min.jpg","contentUrl":"https:\/\/www.altisvalvert.com\/wp-content\/uploads\/2023\/04\/22-RANDO-min.jpg"},{"@type":"BreadcrumbList","@id":"https:\/\/altisvalvert.com\/en\/activities\/#breadcrumb","itemListElement":[{"@type":"ListItem","position":1,"name":"Accueil","item":"https:\/\/www.altisvalvert.com\/en\/"},{"@type":"ListItem","position":2,"name":"ACTIVITIES"}]},{"@type":"WebSite","@id":"https:\/\/www.altisvalvert.com\/#website","url":"https:\/\/www.altisvalvert.com\/","name":"H\u00f4tel Altis | Brides Les Bains","description":"Charmant Boutique-H\u00f4tel-Restaurant | Brides-les-Bains","potentialAction":[{"@type":"SearchAction","target":{"@type":"EntryPoint","urlTemplate":"https:\/\/www.altisvalvert.com\/?s={search_term_string}"},"query-input":{"@type":"PropertyValueSpecification","valueRequired":true,"valueName":"search_term_string"}}],"inLanguage":"en-US"}]}},"_links":{"self":[{"href":"https:\/\/altisvalvert.com\/en\/wp-json\/wp\/v2\/pages\/6054","targetHints":{"allow":["GET"]}}],"collection":[{"href":"https:\/\/altisvalvert.com\/en\/wp-json\/wp\/v2\/pages"}],"about":[{"href":"https:\/\/altisvalvert.com\/en\/wp-json\/wp\/v2\/types\/page"}],"author":[{"embeddable":true,"href":"https:\/\/altisvalvert.com\/en\/wp-json\/wp\/v2\/users\/4"}],"replies":[{"embeddable":true,"href":"https:\/\/altisvalvert.com\/en\/wp-json\/wp\/v2\/comments?post=6054"}],"version-history":[{"count":26,"href":"https:\/\/altisvalvert.com\/en\/wp-json\/wp\/v2\/pages\/6054\/revisions"}],"predecessor-version":[{"id":7455,"href":"https:\/\/altisvalvert.com\/en\/wp-json\/wp\/v2\/pages\/6054\/revisions\/7455"}],"wp:attachment":[{"href":"https:\/\/altisvalvert.com\/en\/wp-json\/wp\/v2\/media?parent=6054"}],"curies":[{"name":"wp","href":"https:\/\/api.w.org\/{rel}","templated":true}]}}